{"id":15109,"date":"2024-07-07T19:49:05","date_gmt":"2024-07-07T19:49:05","guid":{"rendered":"https:\/\/konveyor.erkur.com\/forderer\/kraft-und-freifordersysteme\/"},"modified":"2024-07-07T19:49:05","modified_gmt":"2024-07-07T19:49:05","slug":"kraft-und-freifordersysteme","status":"publish","type":"page","link":"https:\/\/konveyor.erkur.com\/de\/forderer\/kraft-und-freifordersysteme\/","title":{"rendered":"Kraft- und Freif\u00f6rdersysteme"},"content":{"rendered":"<div class=\"wpb-content-wrapper\"><p>[vc_row type=&#8220;vc_default&#8220; css=&#8220;.vc_custom_1476008791393{padding-top: 70px !important;padding-bottom: 25px !important;}&#8220;][vc_column offset=&#8220;vc_col-lg-6 vc_col-md-6 vc_col-xs-12&#8243; css=&#8220;.vc_custom_1476005293248{padding-bottom: 50px !important;}&#8220;]<div id=\"ultimate-heading-93816a08feb676dc3\" class=\"uvc-heading ult-adjust-bottom-margin ultimate-heading-93816a08feb676dc3 uvc-4080 \" data-hspacer=\"no_spacer\"  data-halign=\"center\" style=\"text-align:center\"><div class=\"uvc-heading-spacer no_spacer\" style=\"top\"><\/div><\/div>[vc_column_text]<i class=\"fa fa-th-large\"><\/i>\u00a0\u00a0Nicht m\u00f6glich mit Standard-H\u00e4ngef\u00f6rdersystemen:<\/p>\n<p>&#8211; Automatisches Stoppen und Starten des Systems mit Schalter- und Sensorunterst\u00fctzung<\/p>\n<p>&#8211; \u00dcbertragen des transportierten Materials in verschiedene Richtungen mit Hilfe einer Schere auf den Schienen<\/p>\n<p>&#8211; Transport mit unterschiedlichen Geschwindigkeiten in verschiedenen Abschnitten des F\u00f6rderers<\/p>\n<p><i class=\"fa fa-th-large\"><\/i>\u00a0\u00a0Sie k\u00f6nnen es einfach mit der im System integrierten SPS-Steuerung steuern.<\/p>\n<p><i class=\"fa fa-th-large\"><\/i>\u00a0\u00a0Unsere Entw\u00fcrfe werden von unserem erfahrenen Ingenieurteam mit dem Grundsatz erstellt, so viel Zeit wie m\u00f6glich f\u00fcr Ihre Produktion zu sparen, ein wirtschaftliches System zu schaffen und zu erfordern Mindestwartung. [\/vc_column_text][\/vc_column][vc_column offset=&#8220;vc_col-lg-6 vc_col-md-6 vc_col-xs-12&#8243; css=&#8220;.vc_custom_1586417486548{padding-bottom: 50px !important;background-color: #d8d8d8 ! important;}&#8220;][vc_single_image image=&#8220;2680&#8243; img_size=&#8220;full&#8220;align=&#8220;center&#8220;][\/vc_column][\/vc_row][vc_row][vc_column][\/ vc_column][ \/vc_row][vc_row][vc_column][\/vc_column][\/vc_row]<\/p>\n<\/div>","protected":false},"excerpt":{"rendered":"<p>[vc_row type=&#8220;vc_default&#8220; css=&#8220;.vc_custom_1476008791393{padding-top: 70px !important;padding-bottom: 25px !important;}&#8220;][vc_column offset=&#8220;vc_col-lg-6 vc_col-md-6 vc_col-xs-12&#8243; css=&#8220;.vc_custom_1476005293248{padding-bottom: 50px !important;}&#8220;][vc_column_text]\u00a0\u00a0Nicht m\u00f6glich mit Standard-H\u00e4ngef\u00f6rdersystemen: &#8211; Automatisches Stoppen und Starten des Systems mit Schalter- und Sensorunterst\u00fctzung &#8211; \u00dcbertragen des transportierten Materials in verschiedene Richtungen mit Hilfe einer Schere auf den Schienen &#8211; Transport mit unterschiedlichen Geschwindigkeiten in verschiedenen Abschnitten des F\u00f6rderers \u00a0\u00a0Sie k\u00f6nnen es&hellip;<\/p>\n","protected":false},"author":1,"featured_media":0,"parent":15102,"menu_order":0,"comment_status":"closed","ping_status":"closed","template":"","meta":{"footnotes":""},"class_list":["post-15109","page","type-page","status-publish","hentry","description-off"],"post_mailing_queue_ids":[],"_links":{"self":[{"href":"https:\/\/konveyor.erkur.com\/de\/wp-json\/wp\/v2\/pages\/15109","targetHints":{"allow":["GET"]}}],"collection":[{"href":"https:\/\/konveyor.erkur.com\/de\/wp-json\/wp\/v2\/pages"}],"about":[{"href":"https:\/\/konveyor.erkur.com\/de\/wp-json\/wp\/v2\/types\/page"}],"author":[{"embeddable":true,"href":"https:\/\/konveyor.erkur.com\/de\/wp-json\/wp\/v2\/users\/1"}],"replies":[{"embeddable":true,"href":"https:\/\/konveyor.erkur.com\/de\/wp-json\/wp\/v2\/comments?post=15109"}],"version-history":[{"count":0,"href":"https:\/\/konveyor.erkur.com\/de\/wp-json\/wp\/v2\/pages\/15109\/revisions"}],"up":[{"embeddable":true,"href":"https:\/\/konveyor.erkur.com\/de\/wp-json\/wp\/v2\/pages\/15102"}],"wp:attachment":[{"href":"https:\/\/konveyor.erkur.com\/de\/wp-json\/wp\/v2\/media?parent=15109"}],"curies":[{"name":"wp","href":"https:\/\/api.w.org\/{rel}","templated":true}]}}