{"id":3408,"date":"2020-04-09T08:09:44","date_gmt":"2020-04-09T08:09:44","guid":{"rendered":"https:\/\/konveyor.erkur.com\/konveyorler\/tup-konveyorler\/"},"modified":"2020-05-07T12:35:56","modified_gmt":"2020-05-07T12:35:56","slug":"tup-konveyorler","status":"publish","type":"page","link":"https:\/\/konveyor.erkur.com\/es\/konveyorler\/tup-konveyorler\/","title":{"rendered":"Transportadores de tubo"},"content":{"rendered":"<div class=\"wpb-content-wrapper\"><p>[vc_row][vc_column][\/vc_column][\/vc_row][vc_row type=\u00bbvc_default\u00bb css=\u00bb.vc_custom_1476008791393{padding-top: 70px !important;padding-bottom: 25px !important;}\u00bb][vc_column offset=\u00bbvc_col-lg-6 vc_col-md-6 vc_col-xs-12&#8243; css=\u00bb.vc_custom_1586555308399{padding-bottom: 50px !important;background-color: rgba(221,208,188,0.49) !important;*background-color: rgb(221,208,188) !important;}\u00bb]<div id=\"ultimate-heading-72116a090cc204b0b\" class=\"uvc-heading ult-adjust-bottom-margin ultimate-heading-72116a090cc204b0b uvc-6003 \" data-hspacer=\"no_spacer\"  data-halign=\"left\" style=\"text-align:left\"><div class=\"uvc-heading-spacer no_spacer\" style=\"top\"><\/div><div class=\"uvc-main-heading ult-responsive\"  data-ultimate-target='.uvc-heading.ultimate-heading-72116a090cc204b0b h2'  data-responsive-json-new='{\"font-size\":\"desktop:26px;\",\"line-height\":\"desktop:32px;\"}' ><h2 style=\"font-weight:bold;margin-bottom:20px;\">TRANSPORTADORES DE TUBOS<\/h2><\/div><\/div>[vc_column_text]Con el transportador de cadena, las paletas unidas a la cadena en el interior, el grano se transporta tanto horizontal como verticalmente y se descarga al silo en el n\u00famero deseado, al mismo tiempo, se toma el material del silo y se espera el tractor, cami\u00f3n, cami\u00f3n, etc. Es un sistema de transporte de granos fijo que se puede instalar en \u00e1ngulo o de manera perpendicular, lo que permite cargar el producto en los transportadores.[\/vc_column_text][\/vc_column][vc_column offset=\u00bbvc_col-lg-6 vc_col-md-6 vc_col-xs-12&#8243; css=\u00bb.vc_custom_1586419986173{padding-bottom: 50px !important;background-color: #d6d6d6 !important;}\u00bb][vc_single_image image=\u00bb3409&#8243; img_size=\u00bblarge\u00bb alignment=\u00bbcenter\u00bb css=\u00bb.vc_custom_1586420079336{background-position: center !important;background-repeat: no-repeat !important;background-size: cover !important;}\u00bb][\/vc_column][\/vc_row]<\/p>\n<\/div>","protected":false},"excerpt":{"rendered":"<p>[vc_row][vc_column][\/vc_column][\/vc_row][vc_row type=\u00bbvc_default\u00bb css=\u00bb.vc_custom_1476008791393{padding-top: 70px !important;padding-bottom: 25px !important;}\u00bb][vc_column offset=\u00bbvc_col-lg-6 vc_col-md-6 vc_col-xs-12&#8243; css=\u00bb.vc_custom_1586555308399{padding-bottom: 50px !important;background-color: rgba(221,208,188,0.49) !important;*background-color: rgb(221,208,188) !important;}\u00bb][vc_column_text]Con el transportador de cadena, las paletas unidas a la cadena en el interior, el grano se transporta tanto horizontal como verticalmente y se descarga al silo en el n\u00famero deseado, al mismo tiempo, se toma el material del&hellip;<\/p>\n","protected":false},"author":1,"featured_media":0,"parent":3103,"menu_order":0,"comment_status":"closed","ping_status":"closed","template":"","meta":{"footnotes":""},"class_list":["post-3408","page","type-page","status-publish","hentry","description-off"],"post_mailing_queue_ids":[],"_links":{"self":[{"href":"https:\/\/konveyor.erkur.com\/es\/wp-json\/wp\/v2\/pages\/3408","targetHints":{"allow":["GET"]}}],"collection":[{"href":"https:\/\/konveyor.erkur.com\/es\/wp-json\/wp\/v2\/pages"}],"about":[{"href":"https:\/\/konveyor.erkur.com\/es\/wp-json\/wp\/v2\/types\/page"}],"author":[{"embeddable":true,"href":"https:\/\/konveyor.erkur.com\/es\/wp-json\/wp\/v2\/users\/1"}],"replies":[{"embeddable":true,"href":"https:\/\/konveyor.erkur.com\/es\/wp-json\/wp\/v2\/comments?post=3408"}],"version-history":[{"count":4,"href":"https:\/\/konveyor.erkur.com\/es\/wp-json\/wp\/v2\/pages\/3408\/revisions"}],"predecessor-version":[{"id":11634,"href":"https:\/\/konveyor.erkur.com\/es\/wp-json\/wp\/v2\/pages\/3408\/revisions\/11634"}],"up":[{"embeddable":true,"href":"https:\/\/konveyor.erkur.com\/es\/wp-json\/wp\/v2\/pages\/3103"}],"wp:attachment":[{"href":"https:\/\/konveyor.erkur.com\/es\/wp-json\/wp\/v2\/media?parent=3408"}],"curies":[{"name":"wp","href":"https:\/\/api.w.org\/{rel}","templated":true}]}}