{"id":3492,"date":"2020-04-07T13:51:59","date_gmt":"2020-04-07T13:51:59","guid":{"rendered":"https:\/\/konveyor.erkur.com\/konveyorler\/power-and-free-konveyor-sistemleri\/"},"modified":"2024-07-13T06:49:44","modified_gmt":"2024-07-13T06:49:44","slug":"power-and-free-konveyor-sistemleri","status":"publish","type":"page","link":"https:\/\/konveyor.erkur.com\/es\/konveyorler\/power-and-free-konveyor-sistemleri\/","title":{"rendered":"Power and Free Sistemas transportadores"},"content":{"rendered":"<div class=\"wpb-content-wrapper\"><p>[vc_row type=\u00bbvc_default\u00bb css=\u00bb.vc_custom_1476008791393{padding-top: 70px !important;padding-bottom: 25px !important;}\u00bb][vc_column offset=\u00bbvc_col-lg-6 vc_col-md-6 vc_col-xs-12&#8243; css=\u00bb.vc_custom_1476005293248{padding-bottom: 50px !important;}\u00bb]<div id=\"ultimate-heading-511169ea36e46dfc6\" class=\"uvc-heading ult-adjust-bottom-margin ultimate-heading-511169ea36e46dfc6 uvc-648 \" data-hspacer=\"no_spacer\"  data-halign=\"left\" style=\"text-align:left\"><div class=\"uvc-heading-spacer no_spacer\" style=\"top\"><\/div><div class=\"uvc-main-heading ult-responsive\"  data-ultimate-target='.uvc-heading.ultimate-heading-511169ea36e46dfc6 h2'  data-responsive-json-new='{\"font-size\":\"desktop:26px;\",\"line-height\":\"desktop:32px;\"}' ><h2 style=\"font-weight:bold;margin-bottom:20px;\">POWER AND FREE<\/h2><\/div><\/div>[vc_column_text]No es posible en sistemas transportadores colgantes est\u00e1ndar:<\/p>\n<p>&#8211; Parada e inicio autom\u00e1ticos del sistema con interruptor y soporte de sensor<\/p>\n<p>&#8211; Transferencia del material transportado a diferentes direcciones con la ayuda de unas tijeras en los rieles.<\/p>\n<p>&#8211; Transporte a diferentes velocidades en diferentes partes del transportador.<\/p>\n<p>Puede realizar f\u00e1cilmente los controles con el sistema de control PLC integrado en el sistema.<\/p>\n<p>Nuestros dise\u00f1os est\u00e1n hechos por nuestro equipo de ingenieros expertos con el principio de una comprensi\u00f3n del sistema que requiere menos tiempo para ahorrar su producci\u00f3n, establecer un sistema econ\u00f3mico y tener el menor mantenimiento posible.[\/vc_column_text][\/vc_column][vc_column offset=\u00bbvc_col-lg-6 vc_col-md-6 vc_col-xs-12&#8243; css=\u00bb.vc_custom_1586417486548{padding-bottom: 50px !important;background-color: #d8d8d8 !important;}\u00bb][vc_single_image image=\u00bb2680&#8243; img_size=\u00bbfull\u00bb alignment=\u00bbcenter\u00bb][\/vc_column][\/vc_row][vc_row][vc_column][\/vc_column][\/vc_row][vc_row][vc_column][\/vc_column][\/vc_row]<\/p>\n<\/div>","protected":false},"excerpt":{"rendered":"<p>[vc_row type=\u00bbvc_default\u00bb css=\u00bb.vc_custom_1476008791393{padding-top: 70px !important;padding-bottom: 25px !important;}\u00bb][vc_column offset=\u00bbvc_col-lg-6 vc_col-md-6 vc_col-xs-12&#8243; css=\u00bb.vc_custom_1476005293248{padding-bottom: 50px !important;}\u00bb][vc_column_text]No es posible en sistemas transportadores colgantes est\u00e1ndar: &#8211; Parada e inicio autom\u00e1ticos del sistema con interruptor y soporte de sensor &#8211; Transferencia del material transportado a diferentes direcciones con la ayuda de unas tijeras en los rieles. &#8211; Transporte a diferentes velocidades&hellip;<\/p>\n","protected":false},"author":1,"featured_media":0,"parent":3103,"menu_order":0,"comment_status":"closed","ping_status":"closed","template":"","meta":{"footnotes":""},"class_list":["post-3492","page","type-page","status-publish","hentry","description-off"],"post_mailing_queue_ids":[],"_links":{"self":[{"href":"https:\/\/konveyor.erkur.com\/es\/wp-json\/wp\/v2\/pages\/3492","targetHints":{"allow":["GET"]}}],"collection":[{"href":"https:\/\/konveyor.erkur.com\/es\/wp-json\/wp\/v2\/pages"}],"about":[{"href":"https:\/\/konveyor.erkur.com\/es\/wp-json\/wp\/v2\/types\/page"}],"author":[{"embeddable":true,"href":"https:\/\/konveyor.erkur.com\/es\/wp-json\/wp\/v2\/users\/1"}],"replies":[{"embeddable":true,"href":"https:\/\/konveyor.erkur.com\/es\/wp-json\/wp\/v2\/comments?post=3492"}],"version-history":[{"count":5,"href":"https:\/\/konveyor.erkur.com\/es\/wp-json\/wp\/v2\/pages\/3492\/revisions"}],"predecessor-version":[{"id":17152,"href":"https:\/\/konveyor.erkur.com\/es\/wp-json\/wp\/v2\/pages\/3492\/revisions\/17152"}],"up":[{"embeddable":true,"href":"https:\/\/konveyor.erkur.com\/es\/wp-json\/wp\/v2\/pages\/3103"}],"wp:attachment":[{"href":"https:\/\/konveyor.erkur.com\/es\/wp-json\/wp\/v2\/media?parent=3492"}],"curies":[{"name":"wp","href":"https:\/\/api.w.org\/{rel}","templated":true}]}}