{"id":3582,"date":"2020-04-07T13:23:30","date_gmt":"2020-04-07T13:23:30","guid":{"rendered":"https:\/\/konveyor.erkur.com\/iletisim\/"},"modified":"2024-02-01T06:59:24","modified_gmt":"2024-02-01T06:59:24","slug":"iletisim","status":"publish","type":"page","link":"https:\/\/konveyor.erkur.com\/es\/iletisim\/","title":{"rendered":"Comunicaci\u00f3n"},"content":{"rendered":"<div class=\"wpb-content-wrapper\"><p>[vc_row type=\u00bbvc_default\u00bb margin_top=\u00bb0&#8243; margin_bottom=\u00bb-35&#8243; css=\u00bb.vc_custom_1586428600349{margin-top: 70px !important;margin-bottom: 20px !important;background-color: #dddddd !important;}\u00bb][vc_column offset=\u00bbvc_col-lg-6 vc_col-md-7 vc_col-xs-12&#8243; css=\u00bb.vc_custom_1586427361166{padding-bottom: 40px !important;background-color: #dddddd !important;}\u00bb][vc_row_inner equal_height=\u00bbyes\u00bb css=\u00bb.vc_custom_1498572805259{padding-right: 15px !important;padding-bottom: 10px !important;padding-left: 15px !important;}\u00bb][vc_column_inner css=\u00bb.vc_custom_1586427339119{margin-top: 0px !important;margin-right: 0px !important;margin-bottom: 0px !important;margin-left: 0px !important;padding-top: 0px !important;padding-right: 10px !important;padding-bottom: 20px !important;padding-left: 10px !important;}\u00bb][vc_single_image image=\u00bb12938&#8243; img_size=\u00bbfull\u00bb alignment=\u00bbcenter\u00bb][vc_separator border_width=\u00bb3&#8243;]<div class=\"aio-icon-component  vc_custom_1652788810018  accent-icon-bg color-title style_1\"><div id=\"Info-box-wrap-1339\" class=\"aio-icon-box left-icon\" style=\"\"  ><div class=\"aio-icon-left\"><div class=\"ult-just-icon-wrapper  \"><div class=\"align-icon\" style=\"text-align:center;\">\n<div class=\"aio-icon advanced \"  style=\"color:#ffffff;border-style:;border-color:#333333;border-width:1px;width:34px;height:34px;line-height:34px;border-radius:500px;font-size:16px;display:inline-block;\">\n\t<i class=\"icomoon-icomoonfree-16x16-office\"><\/i>\n<\/div><\/div><\/div><\/div><div class=\"aio-ibd-block\"><div class=\"aio-icon-description ult-responsive\"  data-ultimate-target='#Info-box-wrap-1339 .aio-icon-description'  data-responsive-json-new='{\"font-size\":\"desktop:18px;\",\"line-height\":\"desktop:24px;\"}'  style=\"font-family:&#039;Open Sans Condensed&#039;;font-weight:700;\">Karaa\u011fa\u00e7 Mah. Batu Sok. No: 9\/1 B\u00fcy\u00fck\u00e7ekmece \/ \u0130STANBUL \/ T\u00dcRK\u0130YE<\/div> <!-- description --><\/div> <!-- aio-ibd-block --><\/div> <!-- aio-icon-box --><\/div> <!-- aio-icon-component -->[vc_separator border_width=\u00bb3&#8243;]<div class=\"aio-icon-component  vc_custom_1653923487549  accent-icon-bg color-title style_1\"><div id=\"Info-box-wrap-1085\" class=\"aio-icon-box left-icon\" style=\"\"  ><div class=\"aio-icon-left\"><div class=\"ult-just-icon-wrapper  \"><div class=\"align-icon\" style=\"text-align:center;\">\n<div class=\"aio-icon advanced \"  style=\"color:#ffffff;border-style:;border-color:#333333;border-width:1px;width:34px;height:34px;line-height:34px;border-radius:500px;font-size:16px;display:inline-block;\">\n\t<i class=\"icomoon-icomoonfree-16x16-mobile\"><\/i>\n<\/div><\/div><\/div><\/div><div class=\"aio-ibd-block\"><div class=\"aio-icon-description ult-responsive\"  data-ultimate-target='#Info-box-wrap-1085 .aio-icon-description'  data-responsive-json-new='{\"font-size\":\"desktop:18px;\",\"line-height\":\"desktop:24px;\"}'  style=\"font-family:&#039;Open Sans Condensed&#039;;font-weight:700;\">+90 212 655 00 72 PBX &#8211; +90 212 655 80 72<\/div> <!-- description --><\/div> <!-- aio-ibd-block --><\/div> <!-- aio-icon-box --><\/div> <!-- aio-icon-component -->[vc_separator border_width=\u00bb3&#8243;]<div class=\"aio-icon-component  vc_custom_1587119667845  accent-icon-bg color-title style_1\"><div id=\"Info-box-wrap-3403\" class=\"aio-icon-box left-icon\" style=\"\"  ><div class=\"aio-icon-left\"><div class=\"ult-just-icon-wrapper  \"><div class=\"align-icon\" style=\"text-align:center;\">\n<div class=\"aio-icon advanced \"  style=\"color:#ffffff;border-style:;border-color:#333333;border-width:1px;width:34px;height:34px;line-height:34px;border-radius:500px;font-size:16px;display:inline-block;\">\n\t<i class=\"icomoon-icomoonfree-16x16-pencil\"><\/i>\n<\/div><\/div><\/div><\/div><div class=\"aio-ibd-block\"><div class=\"aio-icon-description ult-responsive\"  data-ultimate-target='#Info-box-wrap-3403 .aio-icon-description'  data-responsive-json-new='{\"font-size\":\"desktop:18px;\",\"line-height\":\"desktop:24px;\"}'  style=\"font-family:&#039;Open Sans Condensed&#039;;font-weight:700;\">info@erkur.com \/ erkur@erkur.com \/ export@erkur.com<\/div> <!-- description --><\/div> <!-- aio-ibd-block --><\/div> <!-- aio-icon-box --><\/div> <!-- aio-icon-component -->[vc_separator border_width=\u00bb3&#8243;][\/vc_column_inner][\/vc_row_inner][\/vc_column][vc_column offset=\u00bbvc_col-lg-6 vc_col-md-5 vc_col-xs-12&#8243; css=\u00bb.vc_custom_1586428618478{padding-bottom: 50px !important;background-color: #e5d299 !important;}\u00bb][vc_gmaps link=\u00bb#E-8_JTNDaWZyYW1lJTIwc3JjJTNEJTIyaHR0cHMlM0ElMkYlMkZ3d3cuZ29vZ2xlLmNvbSUyRm1hcHMlMkZlbWJlZCUzRnBiJTNEJTIxMW0xOCUyMTFtMTIlMjExbTMlMjExZDMwMDYuOTg1NDkzOTYzOTElMjEyZDI4LjYyNTgyMTExNTQxNjYyOCUyMTNkNDEuMDkxMTYzNTc5MjkyMzg1JTIxMm0zJTIxMWYwJTIxMmYwJTIxM2YwJTIxM20yJTIxMWkxMDI0JTIxMmk3NjglMjE0ZjEzLjElMjEzbTMlMjExbTIlMjExczB4MCUyNTNBMHg5NjFmNTliNDA1ODJjN2JmJTIxMnpOREhDc0RBMUp6STRMaklpVGlBeU9NS3dNemNuTkRBdU9DSkYlMjE1ZTAlMjEzbTIlMjExc3RyJTIxMnN0ciUyMTR2MTY1Mjc4NjcxNDIyMiUyMTVtMiUyMTFzdHIlMjEyc3RyJTIyJTIwd2lkdGglM0QlMjI2MDAlMjIlMjBoZWlnaHQlM0QlMjIzNTAlMjIlMjBmcmFtZWJvcmRlciUzRCUyMjAlMjIlMjBzdHlsZSUzRCUyMmJvcmRlciUzQTAlM0IlMjIlMjBhbGxvd2Z1bGxzY3JlZW4lM0QlMjIlMjIlMjBhcmlhLWhpZGRlbiUzRCUyMmZhbHNlJTIyJTIwdGFiaW5kZXglM0QlMjIwJTIyJTNFJTNDJTJGaWZyYW1lJTNF\u00bb size=\u00bbresponsive\u00bb title=\u00bbERKUR MAK\u0130NE B\u00dcY\u00dcK\u00c7EKMECE\u00bb][\/vc_column][\/vc_row][vc_row type=\u00bbvc_default\u00bb margin_top=\u00bb0&#8243; margin_bottom=\u00bb-35&#8243; css=\u00bb.vc_custom_1586428333302{margin-top: 70px !important;margin-bottom: 20px !important;background-color: #dddddd !important;}\u00bb][vc_column]\n<div class=\"wpcf7 no-js\" id=\"wpcf7-f11625-o1\" lang=\"fr-FR\" dir=\"ltr\">\n<div class=\"screen-reader-response\"><p role=\"status\" aria-live=\"polite\" aria-atomic=\"true\"><\/p> <ul><\/ul><\/div>\n<form action=\"\/es\/wp-json\/wp\/v2\/pages\/3582#wpcf7-f11625-o1\" method=\"post\" class=\"wpcf7-form init\" aria-label=\"Formulaire de contact\" novalidate=\"novalidate\" data-status=\"init\">\n<div style=\"display: none;\">\n<input type=\"hidden\" name=\"_wpcf7\" value=\"11625\" \/>\n<input type=\"hidden\" name=\"_wpcf7_version\" value=\"5.9.8\" \/>\n<input type=\"hidden\" name=\"_wpcf7_locale\" value=\"fr_FR\" \/>\n<input type=\"hidden\" name=\"_wpcf7_unit_tag\" value=\"wpcf7-f11625-o1\" \/>\n<input type=\"hidden\" name=\"_wpcf7_container_post\" value=\"0\" \/>\n<input type=\"hidden\" name=\"_wpcf7_posted_data_hash\" value=\"\" \/>\n<\/div>\n<p><label> Su nombre (requerido)<br \/>\n<span class=\"wpcf7-form-control-wrap\" data-name=\"your-name\"><input size=\"40\" maxlength=\"400\" class=\"wpcf7-form-control wpcf7-text wpcf7-validates-as-required\" aria-required=\"true\" aria-invalid=\"false\" value=\"\" type=\"text\" name=\"your-name\" \/><\/span> <\/label>\n<\/p>\n<p><label> Su direcci\u00f3n de correo electr\u00f3nico (obligatorio)<br \/>\n<span class=\"wpcf7-form-control-wrap\" data-name=\"your-email\"><input size=\"40\" maxlength=\"400\" class=\"wpcf7-form-control wpcf7-email wpcf7-validates-as-required wpcf7-text wpcf7-validates-as-email\" aria-required=\"true\" aria-invalid=\"false\" value=\"\" type=\"email\" name=\"your-email\" \/><\/span> <\/label>\n<\/p>\n<p><label> Tel\u00e9fono No (requerido)<br \/>\n<span class=\"wpcf7-form-control-wrap\" data-name=\"tel-838\"><input size=\"40\" maxlength=\"400\" class=\"wpcf7-form-control wpcf7-tel wpcf7-validates-as-required wpcf7-text wpcf7-validates-as-tel\" aria-required=\"true\" aria-invalid=\"false\" value=\"\" type=\"tel\" name=\"tel-838\" \/><\/span><\/label>\n<\/p>\n<p><label> Tema<br \/>\n<span class=\"wpcf7-form-control-wrap\" data-name=\"your-subject\"><input size=\"40\" maxlength=\"400\" class=\"wpcf7-form-control wpcf7-text\" aria-invalid=\"false\" value=\"\" type=\"text\" name=\"your-subject\" \/><\/span> <\/label>\n<\/p>\n<p><label> Su mensaje<br \/>\n<span class=\"wpcf7-form-control-wrap\" data-name=\"your-message\"><textarea cols=\"40\" rows=\"10\" maxlength=\"2000\" class=\"wpcf7-form-control wpcf7-textarea\" aria-invalid=\"false\" name=\"your-message\"><\/textarea><\/span> <\/label>\n<\/p>\n<p><span class=\"wpcf7-form-control-wrap\" data-name=\"checkbox-849\"><span class=\"wpcf7-form-control wpcf7-checkbox wpcf7-validates-as-required\"><span class=\"wpcf7-list-item first last\"><span class=\"wpcf7-list-item-label\">Haga clic para seguridad<\/span><input type=\"checkbox\" name=\"checkbox-849[]\" value=\"Haga clic para seguridad\" \/><\/span><\/span><\/span>\n<\/p>\n<p><input class=\"wpcf7-form-control wpcf7-submit has-spinner\" type=\"submit\" value=\"Enviar\" \/>\n<\/p><p style=\"display: none !important;\" class=\"akismet-fields-container\" data-prefix=\"_wpcf7_ak_\"><label>&#916;<textarea name=\"_wpcf7_ak_hp_textarea\" cols=\"45\" rows=\"8\" maxlength=\"100\"><\/textarea><\/label><input type=\"hidden\" id=\"ak_js_1\" name=\"_wpcf7_ak_js\" value=\"197\"\/><script>document.getElementById( \"ak_js_1\" ).setAttribute( \"value\", ( new Date() ).getTime() );<\/script><\/p><div class=\"wpcf7-response-output\" aria-hidden=\"true\"><\/div>\n<\/form>\n<\/div>\n[\/vc_column][\/vc_row]<\/p>\n<\/div>","protected":false},"excerpt":{"rendered":"<p>[vc_row type=\u00bbvc_default\u00bb margin_top=\u00bb0&#8243; margin_bottom=\u00bb-35&#8243; css=\u00bb.vc_custom_1586428600349{margin-top: 70px !important;margin-bottom: 20px !important;background-color: #dddddd !important;}\u00bb][vc_column offset=\u00bbvc_col-lg-6 vc_col-md-7 vc_col-xs-12&#8243; css=\u00bb.vc_custom_1586427361166{padding-bottom: 40px !important;background-color: #dddddd !important;}\u00bb][vc_row_inner equal_height=\u00bbyes\u00bb css=\u00bb.vc_custom_1498572805259{padding-right: 15px !important;padding-bottom: 10px !important;padding-left: 15px !important;}\u00bb][vc_column_inner css=\u00bb.vc_custom_1586427339119{margin-top: 0px !important;margin-right: 0px !important;margin-bottom: 0px !important;margin-left: 0px !important;padding-top: 0px !important;padding-right: 10px !important;padding-bottom: 20px !important;padding-left: 10px !important;}\u00bb][vc_single_image image=\u00bb12938&#8243; img_size=\u00bbfull\u00bb alignment=\u00bbcenter\u00bb][vc_separator border_width=\u00bb3&#8243;][vc_separator border_width=\u00bb3&#8243;][vc_separator border_width=\u00bb3&#8243;][vc_separator border_width=\u00bb3&#8243;][\/vc_column_inner][\/vc_row_inner][\/vc_column][vc_column offset=\u00bbvc_col-lg-6 vc_col-md-5 vc_col-xs-12&#8243; css=\u00bb.vc_custom_1586428618478{padding-bottom:&hellip;<\/p>\n","protected":false},"author":1,"featured_media":0,"parent":0,"menu_order":600,"comment_status":"closed","ping_status":"closed","template":"","meta":{"footnotes":""},"class_list":["post-3582","page","type-page","status-publish","hentry","description-off"],"post_mailing_queue_ids":[],"_links":{"self":[{"href":"https:\/\/konveyor.erkur.com\/es\/wp-json\/wp\/v2\/pages\/3582","targetHints":{"allow":["GET"]}}],"collection":[{"href":"https:\/\/konveyor.erkur.com\/es\/wp-json\/wp\/v2\/pages"}],"about":[{"href":"https:\/\/konveyor.erkur.com\/es\/wp-json\/wp\/v2\/types\/page"}],"author":[{"embeddable":true,"href":"https:\/\/konveyor.erkur.com\/es\/wp-json\/wp\/v2\/users\/1"}],"replies":[{"embeddable":true,"href":"https:\/\/konveyor.erkur.com\/es\/wp-json\/wp\/v2\/comments?post=3582"}],"version-history":[{"count":8,"href":"https:\/\/konveyor.erkur.com\/es\/wp-json\/wp\/v2\/pages\/3582\/revisions"}],"predecessor-version":[{"id":13232,"href":"https:\/\/konveyor.erkur.com\/es\/wp-json\/wp\/v2\/pages\/3582\/revisions\/13232"}],"wp:attachment":[{"href":"https:\/\/konveyor.erkur.com\/es\/wp-json\/wp\/v2\/media?parent=3582"}],"curies":[{"name":"wp","href":"https:\/\/api.w.org\/{rel}","templated":true}]}}