{"id":3091,"date":"2020-04-07T12:27:51","date_gmt":"2020-04-07T12:27:51","guid":{"rendered":"https:\/\/konveyor.erkur.com\/hakkimizda\/"},"modified":"2024-07-13T06:55:13","modified_gmt":"2024-07-13T06:55:13","slug":"hakkimizda","status":"publish","type":"page","link":"https:\/\/konveyor.erkur.com\/fr\/hakkimizda\/","title":{"rendered":"QUI SOMMES-NOUS"},"content":{"rendered":"<div class=\"wpb-content-wrapper\"><p>[vc_row type=\u00a0\u00bbvc_default\u00a0\u00bb css=\u00a0\u00bb.vc_custom_1476008791393{padding-top: 70px !important;padding-bottom: 25px !important;}\u00a0\u00bb][vc_column offset=\u00a0\u00bbvc_col-lg-6 vc_col-md-6 vc_col-xs-12&Prime; css=\u00a0\u00bb.vc_custom_1586589522975{padding-bottom: 50px !important;background-color: rgba(221,204,177,0.44) !important;*background-color: rgb(221,204,177) !important;}\u00a0\u00bb]<div id=\"ultimate-heading-27256a035d19b02aa\" class=\"uvc-heading ult-adjust-bottom-margin ultimate-heading-27256a035d19b02aa uvc-9500 \" data-hspacer=\"no_spacer\"  data-halign=\"left\" style=\"text-align:left\"><div class=\"uvc-heading-spacer no_spacer\" style=\"top\"><\/div><div class=\"uvc-main-heading ult-responsive\"  data-ultimate-target='.uvc-heading.ultimate-heading-27256a035d19b02aa h2'  data-responsive-json-new='{\"font-size\":\"desktop:26px;\",\"line-height\":\"desktop:32px;\"}' ><h2 style=\"font-weight:bold;margin-bottom:20px;\">QUI SOMMES-NOUS<\/h2><\/div><\/div>[vc_column_text]Erkur Makine, situ\u00e9e dans le quartier G\u00fcne\u015fli d&rsquo;Istanbul, est devenue l&rsquo;une des entreprises leader dans son secteur depuis le jour de sa cr\u00e9ation gr\u00e2ce \u00e0 la possibilit\u00e9 de r\u00e9aliser tous ses investissements avec ses propres ressources. Elle d\u00e9veloppe sa production en suivant de pr\u00e8s la technologie en constante \u00e9volution et en \u00e9volution, et suit une technologie de production actuelle. Notre soci\u00e9t\u00e9 fournit des services sur la production de solutions de convoyeurs monorail \u00e0 rail unique et de cha\u00eenes de convoyeurs. Nos produits; Il est orient\u00e9 vers les lignes de traitement, les lignes logistiques, les lignes d&rsquo;assemblage et de peinture et tous les processus li\u00e9s \u00e0 la production. Outre la qualit\u00e9, l&rsquo;efficacit\u00e9 est \u00e9galement tr\u00e8s importante pour notre entreprise. Erkur Makine s&rsquo;efforce de maintenir la satisfaction de ses clients au plus haut niveau en livrant ses produits dans la qualit\u00e9 souhait\u00e9e et dans les d\u00e9lais.<\/p>\n<p>CE QUE NOUS FAISONS<\/p>\n<p>Syst\u00e8mes de convoyeurs a\u00e9riens<br \/>\nSyst\u00e8mes de convoyage de copeaux<br \/>\nSyst\u00e8mes de convoyeur \u00e0 bande<br \/>\nSyst\u00e8mes de convoyage de silo<br \/>\nCha\u00eenes porteuses et convoyeurs sp\u00e9ciaux<br \/>\nCha\u00eenes non standard sp\u00e9cialement con\u00e7ues par nous pour le dessin technique ou les besoins donn\u00e9s[\/vc_column_text][\/vc_column][vc_column offset=\u00a0\u00bbvc_col-lg-6 vc_col-md-6 vc_col-xs-12&Prime; css=\u00a0\u00bb.vc_custom_1586589538461{padding-bottom: 50px !important;background-color: #d3d3d3 !important;}\u00a0\u00bb]<div id=\"ultimate-heading-736a035d19b048d\" class=\"uvc-heading ult-adjust-bottom-margin ultimate-heading-736a035d19b048d uvc-6303 \" data-hspacer=\"no_spacer\"  data-halign=\"left\" style=\"text-align:left\"><div class=\"uvc-heading-spacer no_spacer\" style=\"top\"><\/div><div class=\"uvc-main-heading ult-responsive\"  data-ultimate-target='.uvc-heading.ultimate-heading-736a035d19b048d h2'  data-responsive-json-new='{\"font-size\":\"desktop:26px;\",\"line-height\":\"desktop:32px;\"}' ><h2 style=\"font-weight:bold;margin-bottom:20px;\">ERKUR MAK\u0130NE<\/h2><\/div><\/div>[vc_single_image image=\u00a0\u00bb3204&Prime; img_size=\u00a0\u00bbfull\u00a0\u00bb css=\u00a0\u00bb.vc_custom_1586425828676{border-radius: 5px !important;}\u00a0\u00bb][\/vc_column][\/vc_row]<\/p>\n<\/div>","protected":false},"excerpt":{"rendered":"<p>[vc_row type=\u00a0\u00bbvc_default\u00a0\u00bb css=\u00a0\u00bb.vc_custom_1476008791393{padding-top: 70px !important;padding-bottom: 25px !important;}\u00a0\u00bb][vc_column offset=\u00a0\u00bbvc_col-lg-6 vc_col-md-6 vc_col-xs-12&Prime; css=\u00a0\u00bb.vc_custom_1586589522975{padding-bottom: 50px !important;background-color: rgba(221,204,177,0.44) !important;*background-color: rgb(221,204,177) !important;}\u00a0\u00bb][vc_column_text]Erkur Makine, situ\u00e9e dans le quartier G\u00fcne\u015fli d&rsquo;Istanbul, est devenue l&rsquo;une des entreprises leader dans son secteur depuis le jour de sa cr\u00e9ation gr\u00e2ce \u00e0 la possibilit\u00e9 de r\u00e9aliser tous ses investissements avec ses propres ressources. Elle d\u00e9veloppe sa&hellip;<\/p>\n","protected":false},"author":1,"featured_media":0,"parent":0,"menu_order":0,"comment_status":"closed","ping_status":"closed","template":"","meta":{"footnotes":""},"class_list":["post-3091","page","type-page","status-publish","hentry","description-off"],"post_mailing_queue_ids":[],"_links":{"self":[{"href":"https:\/\/konveyor.erkur.com\/fr\/wp-json\/wp\/v2\/pages\/3091","targetHints":{"allow":["GET"]}}],"collection":[{"href":"https:\/\/konveyor.erkur.com\/fr\/wp-json\/wp\/v2\/pages"}],"about":[{"href":"https:\/\/konveyor.erkur.com\/fr\/wp-json\/wp\/v2\/types\/page"}],"author":[{"embeddable":true,"href":"https:\/\/konveyor.erkur.com\/fr\/wp-json\/wp\/v2\/users\/1"}],"replies":[{"embeddable":true,"href":"https:\/\/konveyor.erkur.com\/fr\/wp-json\/wp\/v2\/comments?post=3091"}],"version-history":[{"count":4,"href":"https:\/\/konveyor.erkur.com\/fr\/wp-json\/wp\/v2\/pages\/3091\/revisions"}],"predecessor-version":[{"id":11730,"href":"https:\/\/konveyor.erkur.com\/fr\/wp-json\/wp\/v2\/pages\/3091\/revisions\/11730"}],"wp:attachment":[{"href":"https:\/\/konveyor.erkur.com\/fr\/wp-json\/wp\/v2\/media?parent=3091"}],"curies":[{"name":"wp","href":"https:\/\/api.w.org\/{rel}","templated":true}]}}