{"id":3488,"date":"2020-04-07T13:51:59","date_gmt":"2020-04-07T13:51:59","guid":{"rendered":"https:\/\/konveyor.erkur.com\/konveyorler\/power-and-free-konveyor-sistemleri\/"},"modified":"2024-07-13T06:49:10","modified_gmt":"2024-07-13T06:49:10","slug":"power-and-free-konveyor-sistemleri","status":"publish","type":"page","link":"https:\/\/konveyor.erkur.com\/fr\/konveyorler\/power-and-free-konveyor-sistemleri\/","title":{"rendered":"Syst\u00e8mes de convoyeurs Power and Free"},"content":{"rendered":"<div class=\"wpb-content-wrapper\"><p>[vc_row type=\u00a0\u00bbvc_default\u00a0\u00bb css=\u00a0\u00bb.vc_custom_1476008791393{padding-top: 70px !important;padding-bottom: 25px !important;}\u00a0\u00bb][vc_column offset=\u00a0\u00bbvc_col-lg-6 vc_col-md-6 vc_col-xs-12&Prime; css=\u00a0\u00bb.vc_custom_1476005293248{padding-bottom: 50px !important;}\u00a0\u00bb]<div id=\"ultimate-heading-33626a08fef960667\" class=\"uvc-heading ult-adjust-bottom-margin ultimate-heading-33626a08fef960667 uvc-8019 \" data-hspacer=\"no_spacer\"  data-halign=\"left\" style=\"text-align:left\"><div class=\"uvc-heading-spacer no_spacer\" style=\"top\"><\/div><div class=\"uvc-main-heading ult-responsive\"  data-ultimate-target='.uvc-heading.ultimate-heading-33626a08fef960667 h2'  data-responsive-json-new='{\"font-size\":\"desktop:26px;\",\"line-height\":\"desktop:32px;\"}' ><h2 style=\"font-weight:bold;margin-bottom:20px;\">POWER AND FREE<\/h2><\/div><\/div>[vc_column_text]Pas possible dans les syst\u00e8mes de convoyeurs suspendus standard:<\/p>\n<p>&#8211; Arr\u00eat et d\u00e9marrage automatiques du syst\u00e8me avec interrupteur et support de capteur<\/p>\n<p>&#8211; Transfert du mat\u00e9riel transport\u00e9 dans diff\u00e9rentes directions \u00e0 l&rsquo;aide de ciseaux sur les rails<\/p>\n<p>&#8211; Transport \u00e0 diff\u00e9rentes vitesses dans diff\u00e9rentes parties du convoyeur<\/p>\n<p>Vous pouvez facilement effectuer les contr\u00f4les avec le syst\u00e8me de contr\u00f4le PLC int\u00e9gr\u00e9 au syst\u00e8me.<\/p>\n<p>Nos conceptions sont faites par notre \u00e9quipe d&rsquo;ing\u00e9nieurs experts avec le principe de fournir une meilleure compr\u00e9hension de votre production, en \u00e9tablissant un syst\u00e8me \u00e9conomique et le moins d&rsquo;entretien possible.[\/vc_column_text][\/vc_column][vc_column offset=\u00a0\u00bbvc_col-lg-6 vc_col-md-6 vc_col-xs-12&Prime; css=\u00a0\u00bb.vc_custom_1586417486548{padding-bottom: 50px !important;background-color: #d8d8d8 !important;}\u00a0\u00bb][vc_single_image image=\u00a0\u00bb2680&Prime; img_size=\u00a0\u00bbfull\u00a0\u00bb alignment=\u00a0\u00bbcenter\u00a0\u00bb][\/vc_column][\/vc_row][vc_row][vc_column][\/vc_column][\/vc_row][vc_row][vc_column][\/vc_column][\/vc_row]<\/p>\n<\/div>","protected":false},"excerpt":{"rendered":"<p>[vc_row type=\u00a0\u00bbvc_default\u00a0\u00bb css=\u00a0\u00bb.vc_custom_1476008791393{padding-top: 70px !important;padding-bottom: 25px !important;}\u00a0\u00bb][vc_column offset=\u00a0\u00bbvc_col-lg-6 vc_col-md-6 vc_col-xs-12&Prime; css=\u00a0\u00bb.vc_custom_1476005293248{padding-bottom: 50px !important;}\u00a0\u00bb][vc_column_text]Pas possible dans les syst\u00e8mes de convoyeurs suspendus standard: &#8211; Arr\u00eat et d\u00e9marrage automatiques du syst\u00e8me avec interrupteur et support de capteur &#8211; Transfert du mat\u00e9riel transport\u00e9 dans diff\u00e9rentes directions \u00e0 l&rsquo;aide de ciseaux sur les rails &#8211; Transport \u00e0 diff\u00e9rentes vitesses dans&hellip;<\/p>\n","protected":false},"author":1,"featured_media":0,"parent":3101,"menu_order":0,"comment_status":"closed","ping_status":"closed","template":"","meta":{"footnotes":""},"class_list":["post-3488","page","type-page","status-publish","hentry","description-off"],"post_mailing_queue_ids":[],"_links":{"self":[{"href":"https:\/\/konveyor.erkur.com\/fr\/wp-json\/wp\/v2\/pages\/3488","targetHints":{"allow":["GET"]}}],"collection":[{"href":"https:\/\/konveyor.erkur.com\/fr\/wp-json\/wp\/v2\/pages"}],"about":[{"href":"https:\/\/konveyor.erkur.com\/fr\/wp-json\/wp\/v2\/types\/page"}],"author":[{"embeddable":true,"href":"https:\/\/konveyor.erkur.com\/fr\/wp-json\/wp\/v2\/users\/1"}],"replies":[{"embeddable":true,"href":"https:\/\/konveyor.erkur.com\/fr\/wp-json\/wp\/v2\/comments?post=3488"}],"version-history":[{"count":5,"href":"https:\/\/konveyor.erkur.com\/fr\/wp-json\/wp\/v2\/pages\/3488\/revisions"}],"predecessor-version":[{"id":17150,"href":"https:\/\/konveyor.erkur.com\/fr\/wp-json\/wp\/v2\/pages\/3488\/revisions\/17150"}],"up":[{"embeddable":true,"href":"https:\/\/konveyor.erkur.com\/fr\/wp-json\/wp\/v2\/pages\/3101"}],"wp:attachment":[{"href":"https:\/\/konveyor.erkur.com\/fr\/wp-json\/wp\/v2\/media?parent=3488"}],"curies":[{"name":"wp","href":"https:\/\/api.w.org\/{rel}","templated":true}]}}